{"id":45,"date":"2018-10-15T10:20:56","date_gmt":"2018-10-15T08:20:56","guid":{"rendered":"http:\/\/volta-synergie.fr\/?page_id=45"},"modified":"2020-02-26T10:37:11","modified_gmt":"2020-02-26T09:37:11","slug":"nos-references","status":"publish","type":"page","link":"https:\/\/volta-synergie.fr\/index.php\/nos-references\/","title":{"rendered":"Quelques r\u00e9f\u00e9rences de chantiers"},"content":{"rendered":"\n<figure class=\"wp-block-image size-large is-resized\"><img decoding=\"async\" loading=\"lazy\" src=\"http:\/\/volta-synergie.fr\/wp-content\/uploads\/2020\/02\/IMG_4286-768x1024.jpg\" alt=\"\" class=\"wp-image-122\" width=\"580\" height=\"773\" srcset=\"https:\/\/volta-synergie.fr\/wp-content\/uploads\/2020\/02\/IMG_4286-768x1024.jpg 768w, https:\/\/volta-synergie.fr\/wp-content\/uploads\/2020\/02\/IMG_4286-225x300.jpg 225w, https:\/\/volta-synergie.fr\/wp-content\/uploads\/2020\/02\/IMG_4286-1152x1536.jpg 1152w, https:\/\/volta-synergie.fr\/wp-content\/uploads\/2020\/02\/IMG_4286-1536x2048.jpg 1536w, https:\/\/volta-synergie.fr\/wp-content\/uploads\/2020\/02\/IMG_4286-scaled.jpg 1920w\" sizes=\"(max-width: 580px) 100vw, 580px\" \/><figcaption><strong>Mise en place du groupe \u00e9lectrog\u00e8ne \u00e0 la Maison de Retraite de La Louvi\u00e8re<\/strong><\/figcaption><\/figure>\n\n\n\n<figure class=\"wp-block-image size-large\"><img decoding=\"async\" loading=\"lazy\" width=\"1024\" height=\"768\" src=\"http:\/\/volta-synergie.fr\/wp-content\/uploads\/2020\/02\/81302768_2737227856338122_1857169276406857728_o-1024x768.jpg\" alt=\"\" class=\"wp-image-124\" srcset=\"https:\/\/volta-synergie.fr\/wp-content\/uploads\/2020\/02\/81302768_2737227856338122_1857169276406857728_o-1024x768.jpg 1024w, https:\/\/volta-synergie.fr\/wp-content\/uploads\/2020\/02\/81302768_2737227856338122_1857169276406857728_o-300x225.jpg 300w, https:\/\/volta-synergie.fr\/wp-content\/uploads\/2020\/02\/81302768_2737227856338122_1857169276406857728_o-768x576.jpg 768w, https:\/\/volta-synergie.fr\/wp-content\/uploads\/2020\/02\/81302768_2737227856338122_1857169276406857728_o.jpg 1440w\" sizes=\"(max-width: 767px) 89vw, (max-width: 1000px) 54vw, (max-width: 1071px) 543px, 580px\" \/><figcaption><strong>Eclairage &#8211; Salle Sport&amp;Sant\u00e9 Cor\u00e9o Concept<\/strong><\/figcaption><\/figure>\n\n\n\n<p><\/p>\n\n\n\n<figure class=\"wp-block-image size-large\"><img decoding=\"async\" loading=\"lazy\" width=\"1024\" height=\"768\" src=\"http:\/\/volta-synergie.fr\/wp-content\/uploads\/2020\/02\/IMG_3893-1024x768.jpg\" alt=\"\" class=\"wp-image-126\" srcset=\"https:\/\/volta-synergie.fr\/wp-content\/uploads\/2020\/02\/IMG_3893-1024x768.jpg 1024w, https:\/\/volta-synergie.fr\/wp-content\/uploads\/2020\/02\/IMG_3893-300x225.jpg 300w, https:\/\/volta-synergie.fr\/wp-content\/uploads\/2020\/02\/IMG_3893-768x576.jpg 768w, https:\/\/volta-synergie.fr\/wp-content\/uploads\/2020\/02\/IMG_3893-1536x1152.jpg 1536w, https:\/\/volta-synergie.fr\/wp-content\/uploads\/2020\/02\/IMG_3893-2048x1536.jpg 2048w\" sizes=\"(max-width: 767px) 89vw, (max-width: 1000px) 54vw, (max-width: 1071px) 543px, 580px\" \/><figcaption><strong>Mise en place salle vid\u00e9oprojection\/multim\u00e9dia &#8211; Coll\u00e8ge Jules Ferry<\/strong><\/figcaption><\/figure>\n\n\n\n<figure class=\"wp-block-image size-large\"><img decoding=\"async\" loading=\"lazy\" width=\"1024\" height=\"768\" src=\"http:\/\/volta-synergie.fr\/wp-content\/uploads\/2020\/02\/IMG_4655-1-1024x768.jpg\" alt=\"\" class=\"wp-image-129\" srcset=\"https:\/\/volta-synergie.fr\/wp-content\/uploads\/2020\/02\/IMG_4655-1-1024x768.jpg 1024w, https:\/\/volta-synergie.fr\/wp-content\/uploads\/2020\/02\/IMG_4655-1-300x225.jpg 300w, https:\/\/volta-synergie.fr\/wp-content\/uploads\/2020\/02\/IMG_4655-1-768x576.jpg 768w, https:\/\/volta-synergie.fr\/wp-content\/uploads\/2020\/02\/IMG_4655-1-1536x1152.jpg 1536w, https:\/\/volta-synergie.fr\/wp-content\/uploads\/2020\/02\/IMG_4655-1-2048x1536.jpg 2048w\" sizes=\"(max-width: 767px) 89vw, (max-width: 1000px) 54vw, (max-width: 1071px) 543px, 580px\" \/><figcaption><strong>Mise en place Alarme Intrusion<\/strong><\/figcaption><\/figure>\n","protected":false},"excerpt":{"rendered":"","protected":false},"author":1,"featured_media":0,"parent":0,"menu_order":0,"comment_status":"closed","ping_status":"closed","template":"","meta":{"footnotes":""},"_links":{"self":[{"href":"https:\/\/volta-synergie.fr\/index.php\/wp-json\/wp\/v2\/pages\/45"}],"collection":[{"href":"https:\/\/volta-synergie.fr\/index.php\/wp-json\/wp\/v2\/pages"}],"about":[{"href":"https:\/\/volta-synergie.fr\/index.php\/wp-json\/wp\/v2\/types\/page"}],"author":[{"embeddable":true,"href":"https:\/\/volta-synergie.fr\/index.php\/wp-json\/wp\/v2\/users\/1"}],"replies":[{"embeddable":true,"href":"https:\/\/volta-synergie.fr\/index.php\/wp-json\/wp\/v2\/comments?post=45"}],"version-history":[{"count":6,"href":"https:\/\/volta-synergie.fr\/index.php\/wp-json\/wp\/v2\/pages\/45\/revisions"}],"predecessor-version":[{"id":131,"href":"https:\/\/volta-synergie.fr\/index.php\/wp-json\/wp\/v2\/pages\/45\/revisions\/131"}],"wp:attachment":[{"href":"https:\/\/volta-synergie.fr\/index.php\/wp-json\/wp\/v2\/media?parent=45"}],"curies":[{"name":"wp","href":"https:\/\/api.w.org\/{rel}","templated":true}]}}